{"id":3181,"date":"2016-05-02T20:59:22","date_gmt":"2016-05-02T20:59:22","guid":{"rendered":"http:\/\/www.info-excellensformation.com\/mouvens21\/okab\/?page_id=3181"},"modified":"2022-01-19T11:16:28","modified_gmt":"2022-01-19T10:16:28","slug":"sport-loisirs-jeunesse","status":"publish","type":"page","link":"http:\/\/www.info-excellensformation.com\/mouvens21\/sport-loisirs-jeunesse\/","title":{"rendered":"Sport &#8211; Loisirs &#8211; Jeunesse"},"content":{"rendered":"<p>[vc_row dark=\u00a0\u00bbtrue\u00a0\u00bb top_and_bottom_padding=\u00a0\u00bb\u00a0\u00bb left_and_right_padding=\u00a0\u00bb\u00a0\u00bb bg_type=\u00a0\u00bbbg_pattern\u00a0\u00bb cover=\u00a0\u00bbtrue\u00a0\u00bb parallax=\u00a0\u00bbfixed_parallax\u00a0\u00bb bg_pattern=\u00a0\u00bb7515&Prime; class=\u00a0\u00bb\u00a0\u00bb style=\u00a0\u00bb\u00a0\u00bb][vc_column delay=\u00a0\u00bb\u00a0\u00bb delay_offset=\u00a0\u00bb\u00a0\u00bb bg_type=\u00a0\u00bb\u00a0\u00bb min_height=\u00a0\u00bb\u00a0\u00bb top_and_bottom_padding=\u00a0\u00bb\u00a0\u00bb left_and_right_padding=\u00a0\u00bb\u00a0\u00bb width=\u00a0\u00bb1\/1&Prime;]<div  class=\"dima-clear\" style=\"padding-bottom:16em\"><\/div><h1  class=\"dima-custom-heading\" ><span style=\"color: #ffffff;\">Sport &#8211; Loisirs &#8211; Jeunesse<\/span><\/h1>[\/vc_column][\/vc_row][vc_row top_and_bottom_padding=\u00a0\u00bb\u00a0\u00bb left_and_right_padding=\u00a0\u00bb\u00a0\u00bb bg_type=\u00a0\u00bb\u00a0\u00bb class=\u00a0\u00bb\u00a0\u00bb style=\u00a0\u00bb\u00a0\u00bb][vc_column animation=\u00a0\u00bbfadeInLeft\u00a0\u00bb delay=\u00a0\u00bb400&Prime; delay_offset=\u00a0\u00bb\u00a0\u00bb bg_type=\u00a0\u00bb\u00a0\u00bb min_height=\u00a0\u00bb\u00a0\u00bb top_and_bottom_padding=\u00a0\u00bb\u00a0\u00bb left_and_right_padding=\u00a0\u00bb\u00a0\u00bb width=\u00a0\u00bb1\/3&Prime; id=\u00a0\u00bb\u00a0\u00bb class=\u00a0\u00bb\u00a0\u00bb style=\u00a0\u00bb\u00a0\u00bb]<h2  class=\"dima-custom-heading\" >Etudes &#038; Conseil<\/h2>[\/vc_column][vc_column animation=\u00a0\u00bbfadeInUp\u00a0\u00bb delay=\u00a0\u00bb500&Prime; delay_offset=\u00a0\u00bb\u00a0\u00bb bg_type=\u00a0\u00bb\u00a0\u00bb min_height=\u00a0\u00bb\u00a0\u00bb top_and_bottom_padding=\u00a0\u00bb\u00a0\u00bb left_and_right_padding=\u00a0\u00bb\u00a0\u00bb width=\u00a0\u00bb2\/3&Prime; id=\u00a0\u00bb\u00a0\u00bb class=\u00a0\u00bb\u00a0\u00bb style=\u00a0\u00bb\u00a0\u00bb]<p>Rar\u00e9faction des ressources, nouveaux publics et nouvelles attentes, d\u00e9marches de co-construction des politiques ou des projets&#8230; Que vous soyez une collectivit\u00e9, un acteur associatif ou priv\u00e9, les r\u00e8gles et le terrain de jeu ont chang\u00e9, avec la n\u00e9cessit\u00e9 de s&rsquo;affranchir des approches traditionnelles. Place aux politiques et strat\u00e9gies cr\u00e9atives, au d\u00e9cloisonnement des acteurs et des champs d&rsquo;actions, \u00e0 la rationalisation des moyens&#8230; bref, place aux approches et solutions originales et sur mesure.<\/p>\n<p>Cette conviction a permis au cabinet Mouvens de devenir un acteur phare du conseil dans les champs du sport, des loisirs et de la jeunesse, avec une offre qui se d\u00e9ploie \u00e0 360\u00b0 : \u00e9laboration et \u00e9valuation des politiques et des dispositifs, d\u00e9marche de prospective face aux \u00e9volutions des secteurs, sch\u00e9ma directeur des \u00e9quipements, gouvernance territoriale, structuration d&rsquo;un \u00e9cosyst\u00e8me, modes de gestion des \u00e9quipements, d\u00e9finition de strat\u00e9gie, assistance \u00e0 maitrise d&rsquo;ouvrage (AMO). <\/p>\n[\/vc_column][\/vc_row][vc_row no_margin=\u00a0\u00bbtrue\u00a0\u00bb full_width=\u00a0\u00bbfull_width\u00a0\u00bb dark=\u00a0\u00bbtrue\u00a0\u00bb equal_height=\u00a0\u00bbtrue\u00a0\u00bb top_and_bottom_padding=\u00a0\u00bb\u00a0\u00bb left_and_right_padding=\u00a0\u00bb\u00a0\u00bb bg_type=\u00a0\u00bb\u00a0\u00bb class=\u00a0\u00bb\u00a0\u00bb style=\u00a0\u00bb\u00a0\u00bb id=\u00a0\u00bb\u00a0\u00bb][vc_column delay=\u00a0\u00bb\u00a0\u00bb delay_offset=\u00a0\u00bb\u00a0\u00bb bg_type=\u00a0\u00bbbg_image\u00a0\u00bb min_height=\u00a0\u00bb360px\u00a0\u00bb top_and_bottom_padding=\u00a0\u00bb\u00a0\u00bb left_and_right_padding=\u00a0\u00bb\u00a0\u00bb sd=\u00a0\u00bb6&Prime; width=\u00a0\u00bb1\/3&Prime; id=\u00a0\u00bb\u00a0\u00bb class=\u00a0\u00bb\u00a0\u00bb style=\u00a0\u00bb\u00a0\u00bb bg_image=\u00a0\u00bb7730&Prime;][\/vc_column][vc_column delay=\u00a0\u00bb\u00a0\u00bb delay_offset=\u00a0\u00bb\u00a0\u00bb bg_type=\u00a0\u00bbbg_image\u00a0\u00bb min_height=\u00a0\u00bb360px\u00a0\u00bb top_and_bottom_padding=\u00a0\u00bb\u00a0\u00bb left_and_right_padding=\u00a0\u00bb\u00a0\u00bb sd=\u00a0\u00bb6&Prime; width=\u00a0\u00bb1\/3&Prime; id=\u00a0\u00bb\u00a0\u00bb class=\u00a0\u00bbno-bottom-margin\u00a0\u00bb style=\u00a0\u00bb\u00a0\u00bb bg_image=\u00a0\u00bb7731&Prime;][\/vc_column][vc_column delay=\u00a0\u00bb\u00a0\u00bb delay_offset=\u00a0\u00bb\u00a0\u00bb bg_type=\u00a0\u00bbbg_color\u00a0\u00bb min_height=\u00a0\u00bb\u00a0\u00bb top_and_bottom_padding=\u00a0\u00bb14%\u00a0\u00bb left_and_right_padding=\u00a0\u00bb14%\u00a0\u00bb sd=\u00a0\u00bb12&Prime; width=\u00a0\u00bb1\/3&Prime; id=\u00a0\u00bb\u00a0\u00bb class=\u00a0\u00bbno-bottom-margin\u00a0\u00bb style=\u00a0\u00bb\u00a0\u00bb bg_color=\u00a0\u00bb#ff5733&Prime;]<h3  class=\"dima-custom-heading\" ><span style=\"color: #ffffff;\">Expertise<\/span><\/h3><p><span style=\"color: rgba(255, 255, 255, 0.8);\">Expert de toutes les composantes du sport et des loisirs (strat\u00e9gie, am\u00e9nagement du territoire, gouvernance, AMO&#8230;), les missions s&rsquo;inscrivent dans une dynamique globale, du sport comp\u00e9tition au tourisme sportif, en passant par la sant\u00e9 et la pratique libre.<br \/> Dans le champ de la jeunesse, nos champs couvrent la petite enfance, l&rsquo;enfance et la jeunesse, en cherchant \u00e0 optimiser l&rsquo;offre (acteurs, \u00e9quipements&#8230;) au regard des besoins locaux.<\/span><\/p>\n<a   data-direction=\"down\" class=\"dima-button di_white  dima-btn-no-rounded stroke dima-btn-small\"  href=\"\/mouvens21\/nos-references-sport-loisirs-jeunesse\/\"    >NOS REFERENCES<\/a>[\/vc_column][\/vc_row][vc_row top_and_bottom_padding=\u00a0\u00bb\u00a0\u00bb left_and_right_padding=\u00a0\u00bb\u00a0\u00bb bg_type=\u00a0\u00bbbg_color\u00a0\u00bb class=\u00a0\u00bb\u00a0\u00bb style=\u00a0\u00bb\u00a0\u00bb][vc_column delay=\u00a0\u00bb\u00a0\u00bb delay_offset=\u00a0\u00bb\u00a0\u00bb bg_type=\u00a0\u00bb\u00a0\u00bb min_height=\u00a0\u00bb\u00a0\u00bb top_and_bottom_padding=\u00a0\u00bb\u00a0\u00bb left_and_right_padding=\u00a0\u00bb\u00a0\u00bb width=\u00a0\u00bb1\/1&Prime;][vc_row_inner top_and_bottom_padding=\u00a0\u00bb\u00a0\u00bb left_and_right_padding=\u00a0\u00bb\u00a0\u00bb bg_type=\u00a0\u00bbbg_color\u00a0\u00bb][vc_column_inner animation=\u00a0\u00bbfadeInLeft\u00a0\u00bb delay=\u00a0\u00bb400&Prime; delay_offset=\u00a0\u00bb\u00a0\u00bb sd=\u00a0\u00bb12&Prime; width=\u00a0\u00bb1\/3&Prime; id=\u00a0\u00bb\u00a0\u00bb class=\u00a0\u00bb\u00a0\u00bb style=\u00a0\u00bb\u00a0\u00bb]<h2  class=\"dima-custom-heading\" >Champs d&rsquo;intervention<\/h2>[\/vc_column_inner][vc_column_inner animation=\u00a0\u00bbfadeInUp\u00a0\u00bb delay=\u00a0\u00bb500&Prime; delay_offset=\u00a0\u00bb\u00a0\u00bb sd=\u00a0\u00bb12&Prime; width=\u00a0\u00bb2\/3&Prime; id=\u00a0\u00bb\u00a0\u00bb class=\u00a0\u00bb\u00a0\u00bb style=\u00a0\u00bb\u00a0\u00bb]<div  class=\"dima-timeline-list process-v mediam\" ><div  class=\"dima-iconbox no-box text-start features-start\" ><header  class=\"icon-box-header\" ><i  class=\"simple-icon-check box-circle  icon-box-medium  icon-box-hover\"><span class=\"topaz-hover\"><\/span><\/i><\/header><div  class=\"features-content\" ><h5 class=\"features-title\" >Diagnostics territoriaux et sectoriels<\/h5>Analyse des besoins, enqu\u00eates qualitatives et quantitatives, prospective territoriale&#8230; Autant de m\u00e9thodes que Mouvens d\u00e9ploie dans ses diff\u00e9rents champs d&rsquo;intervention pour d\u00e9crypter et analyser les dynamiques territoriales.<\/div><\/div><div  class=\"dima-iconbox no-box text-start features-start\" ><header  class=\"icon-box-header\" ><i  class=\"simple-icon-check box-circle  icon-box-medium  icon-box-hover\"><span class=\"topaz-hover\"><\/span><\/i><\/header><div  class=\"features-content\" ><h5 class=\"features-title\" >Sch\u00e9mas directeurs des \u00e9quipements<\/h5>Comment r\u00e9pondre \u00e0 des besoins nouveaux et toujours plus importants,<br \/> avec des \u00e9quipements publics parfois \u00e0 bout de souffle, satur\u00e9s ou inadapt\u00e9s&#8230; dans un contexte de contraintes budg\u00e9taires ?<\/div><\/div><div  class=\"dima-iconbox no-box text-start features-start\" ><header  class=\"icon-box-header\" ><i  class=\"simple-icon-check box-circle  icon-box-medium  icon-box-hover\"><span class=\"topaz-hover\"><\/span><\/i><\/header><div  class=\"features-content\" ><h5 class=\"features-title\" >Politiques et strat\u00e9gies d'acteurs<\/h5>Il est plus que jamais essentiel pour les acteurs d&rsquo;anticiper les besoins et de concevoir des visions claires et partag\u00e9es. Mouvens aide ses clients \u00e0 se projeter, \u00e0 ouvrir le champ des possibles et ainsi ma\u00eetriser leur avenir.<\/div><\/div><div  class=\"dima-iconbox no-box text-start features-start\" ><header  class=\"icon-box-header\" ><i  class=\"simple-icon-check box-circle  icon-box-medium  icon-box-hover\"><span class=\"topaz-hover\"><\/span><\/i><\/header><div  class=\"features-content\" ><h5 class=\"features-title\" >Assistance \u00e0 maitrise d'ouvrage<\/h5>Accompagner les acteurs associatifs, les organisateurs de grands \u00e9v\u00e8nements et les collectivit\u00e9s dans la d\u00e9finition de projets. Une offre 360\u00b0 qui couvre tous les contours de la mise en place d&rsquo;un projet de la prise en compte d&rsquo;une probl\u00e9matique, \u00e0 la d\u00e9finition du projet, \u00e0 l&rsquo;essaimage, au pilotage, \u00e0 la strat\u00e9gie de communication et jusqu&rsquo;\u00e0 la mesure de l&rsquo;impact\/\u00e9valuation du projet.<\/div><\/div><\/div>[\/vc_column_inner][\/vc_row_inner][\/vc_column][\/vc_row][vc_row top_and_bottom_padding=\u00a0\u00bb\u00a0\u00bb left_and_right_padding=\u00a0\u00bb\u00a0\u00bb bg_type=\u00a0\u00bbbg_color\u00a0\u00bb bg_color=\u00a0\u00bb#fafafa\u00a0\u00bb class=\u00a0\u00bb\u00a0\u00bb style=\u00a0\u00bb\u00a0\u00bb][vc_column animation=\u00a0\u00bbfadeInLeft\u00a0\u00bb delay=\u00a0\u00bb400&Prime; delay_offset=\u00a0\u00bb\u00a0\u00bb bg_type=\u00a0\u00bb\u00a0\u00bb min_height=\u00a0\u00bb\u00a0\u00bb top_and_bottom_padding=\u00a0\u00bb\u00a0\u00bb left_and_right_padding=\u00a0\u00bb\u00a0\u00bb width=\u00a0\u00bb1\/3&Prime; id=\u00a0\u00bb\u00a0\u00bb class=\u00a0\u00bb\u00a0\u00bb style=\u00a0\u00bb\u00a0\u00bb]<h2  class=\"dima-custom-heading\" >Aper\u00e7u clients<\/h2>[\/vc_column][vc_column animation=\u00a0\u00bbfadeInUp\u00a0\u00bb delay=\u00a0\u00bb500&Prime; delay_offset=\u00a0\u00bb\u00a0\u00bb bg_type=\u00a0\u00bb\u00a0\u00bb min_height=\u00a0\u00bb\u00a0\u00bb top_and_bottom_padding=\u00a0\u00bb\u00a0\u00bb left_and_right_padding=\u00a0\u00bb\u00a0\u00bb width=\u00a0\u00bb2\/3&Prime; id=\u00a0\u00bb\u00a0\u00bb class=\u00a0\u00bb\u00a0\u00bb style=\u00a0\u00bb\u00a0\u00bb]<div  class=\"clients-wrapper grid  client-clm-4\" ><ul><li   class=\"slide-item\" ><a href=\"\/mouvens21\/dima-portfolio\/conseil-regional-de-la-reunion-2\/\" ><img decoding=\"async\" src=\"http:\/\/www.info-excellensformation.com\/mouvens21\/wp-content\/uploads\/2022\/01\/Sans-titre-2.png\" alt=\"\"><\/a><\/li><li   class=\"slide-item\" ><a href=\"\/mouvens21\/dima-portfolio\/valenciennes-metropole-2\/\" ><img decoding=\"async\" src=\"http:\/\/www.info-excellensformation.com\/mouvens21\/wp-content\/uploads\/2022\/01\/Sans-titre-3.png\" alt=\"\"><\/a><\/li><li   class=\"slide-item\" ><a href=\"\/mouvens21\/dima-portfolio\/uniformation-2\/\" ><img decoding=\"async\" src=\"http:\/\/www.info-excellensformation.com\/mouvens21\/wp-content\/uploads\/2022\/01\/Sans-titre-5.png\" alt=\"\"><\/a><\/li><li   class=\"slide-item\" ><a href=\"\/mouvens21\/dima-portfolio\/conseil-departemental-de-lessonne\/\" ><img decoding=\"async\" src=\"http:\/\/www.info-excellensformation.com\/mouvens21\/wp-content\/uploads\/2022\/01\/Sans-titre-7.png\" alt=\"\"><\/a><\/li><li   class=\"slide-item\" ><a href=\"\/mouvens21\/dima-portfolio\/federation-francaise-de-rugby-2\/\" ><img decoding=\"async\" src=\"http:\/\/www.info-excellensformation.com\/mouvens21\/wp-content\/uploads\/2022\/01\/Sans-titre-6.png\" alt=\"\"><\/a><\/li><li   class=\"slide-item\" ><a href=\"\/mouvens21\/dima-portfolio\/conseil-departemental-de-lisere-2\/\" ><img decoding=\"async\" src=\"http:\/\/www.info-excellensformation.com\/mouvens21\/wp-content\/uploads\/2022\/01\/Sans-titre-4.png\" alt=\"\"><\/a><\/li><li   class=\"slide-item\" ><a href=\"\/mouvens21\/dima-portfolio\/communaute-dagglomeration-du-grand-verdun-2\/\" ><img decoding=\"async\" src=\"http:\/\/www.info-excellensformation.com\/mouvens21\/wp-content\/uploads\/2022\/01\/Sans-titre-8.png\" alt=\"\"><\/a><\/li><li   class=\"slide-item\" ><a href=\"\/mouvens21\/dima-portfolio\/cnosf-2\/\" ><img decoding=\"async\" src=\"http:\/\/www.info-excellensformation.com\/mouvens21\/wp-content\/uploads\/2022\/01\/Sans-titre-9.png\" alt=\"\"><\/a><\/li><\/ul><\/div>[\/vc_column][\/vc_row]<\/p>\n","protected":false},"excerpt":{"rendered":"<p>[vc_row dark=\u00a0\u00bbtrue\u00a0\u00bb top_and_bottom_padding=\u00a0\u00bb\u00a0\u00bb left_and_right_padding=\u00a0\u00bb\u00a0\u00bb bg_type=\u00a0\u00bbbg_pattern\u00a0\u00bb cover=\u00a0\u00bbtrue\u00a0\u00bb parallax=\u00a0\u00bbfixed_parallax\u00a0\u00bb bg_pattern=\u00a0\u00bb7515&Prime; class=\u00a0\u00bb\u00a0\u00bb style=\u00a0\u00bb\u00a0\u00bb][vc_column delay=\u00a0\u00bb\u00a0\u00bb delay_offset=\u00a0\u00bb\u00a0\u00bb bg_type=\u00a0\u00bb\u00a0\u00bb min_height=\u00a0\u00bb\u00a0\u00bb top_and_bottom_padding=\u00a0\u00bb\u00a0\u00bb left_and_right_padding=\u00a0\u00bb\u00a0\u00bb width=\u00a0\u00bb1\/1&Prime;][\/vc_column][\/vc_row][vc_row top_and_bottom_padding=\u00a0\u00bb\u00a0\u00bb left_and_right_padding=\u00a0\u00bb\u00a0\u00bb bg_type=\u00a0\u00bb\u00a0\u00bb class=\u00a0\u00bb\u00a0\u00bb style=\u00a0\u00bb\u00a0\u00bb][vc_column animation=\u00a0\u00bbfadeInLeft\u00a0\u00bb delay=\u00a0\u00bb400&Prime; delay_offset=\u00a0\u00bb\u00a0\u00bb bg_type=\u00a0\u00bb\u00a0\u00bb min_height=\u00a0\u00bb\u00a0\u00bb top_and_bottom_padding=\u00a0\u00bb\u00a0\u00bb left_and_right_padding=\u00a0\u00bb\u00a0\u00bb width=\u00a0\u00bb1\/3&Prime; id=\u00a0\u00bb\u00a0\u00bb class=\u00a0\u00bb\u00a0\u00bb style=\u00a0\u00bb\u00a0\u00bb][\/vc_column][vc_column animation=\u00a0\u00bbfadeInUp\u00a0\u00bb delay=\u00a0\u00bb500&Prime; delay_offset=\u00a0\u00bb\u00a0\u00bb bg_type=\u00a0\u00bb\u00a0\u00bb min_height=\u00a0\u00bb\u00a0\u00bb top_and_bottom_padding=\u00a0\u00bb\u00a0\u00bb left_and_right_padding=\u00a0\u00bb\u00a0\u00bb width=\u00a0\u00bb2\/3&Prime; id=\u00a0\u00bb\u00a0\u00bb class=\u00a0\u00bb\u00a0\u00bb style=\u00a0\u00bb\u00a0\u00bb][\/vc_column][\/vc_row][vc_row no_margin=\u00a0\u00bbtrue\u00a0\u00bb full_width=\u00a0\u00bbfull_width\u00a0\u00bb dark=\u00a0\u00bbtrue\u00a0\u00bb equal_height=\u00a0\u00bbtrue\u00a0\u00bb top_and_bottom_padding=\u00a0\u00bb\u00a0\u00bb left_and_right_padding=\u00a0\u00bb\u00a0\u00bb bg_type=\u00a0\u00bb\u00a0\u00bb class=\u00a0\u00bb\u00a0\u00bb style=\u00a0\u00bb\u00a0\u00bb id=\u00a0\u00bb\u00a0\u00bb][vc_column delay=\u00a0\u00bb\u00a0\u00bb [&hellip;]<\/p>\n","protected":false},"author":2,"featured_media":0,"parent":0,"menu_order":0,"comment_status":"closed","ping_status":"closed","template":"","meta":{"_bbp_topic_count":0,"_bbp_reply_count":0,"_bbp_total_topic_count":0,"_bbp_total_reply_count":0,"_bbp_voice_count":0,"_bbp_anonymous_reply_count":0,"_bbp_topic_count_hidden":0,"_bbp_reply_count_hidden":0,"_bbp_forum_subforum_count":0,"footnotes":""},"class_list":["post-3181","page","type-page","status-publish","hentry"],"amp_validity":null,"amp_enabled":true,"_links":{"self":[{"href":"http:\/\/www.info-excellensformation.com\/mouvens21\/wp-json\/wp\/v2\/pages\/3181","targetHints":{"allow":["GET"]}}],"collection":[{"href":"http:\/\/www.info-excellensformation.com\/mouvens21\/wp-json\/wp\/v2\/pages"}],"about":[{"href":"http:\/\/www.info-excellensformation.com\/mouvens21\/wp-json\/wp\/v2\/types\/page"}],"author":[{"embeddable":true,"href":"http:\/\/www.info-excellensformation.com\/mouvens21\/wp-json\/wp\/v2\/users\/2"}],"replies":[{"embeddable":true,"href":"http:\/\/www.info-excellensformation.com\/mouvens21\/wp-json\/wp\/v2\/comments?post=3181"}],"version-history":[{"count":53,"href":"http:\/\/www.info-excellensformation.com\/mouvens21\/wp-json\/wp\/v2\/pages\/3181\/revisions"}],"predecessor-version":[{"id":7822,"href":"http:\/\/www.info-excellensformation.com\/mouvens21\/wp-json\/wp\/v2\/pages\/3181\/revisions\/7822"}],"wp:attachment":[{"href":"http:\/\/www.info-excellensformation.com\/mouvens21\/wp-json\/wp\/v2\/media?parent=3181"}],"curies":[{"name":"wp","href":"https:\/\/api.w.org\/{rel}","templated":true}]}}