{"id":3357,"date":"2016-05-04T07:41:14","date_gmt":"2016-05-04T07:41:14","guid":{"rendered":"http:\/\/www.info-excellensformation.com\/mouvens21\/okab\/?page_id=3357"},"modified":"2022-01-19T17:19:48","modified_gmt":"2022-01-19T16:19:48","slug":"equipe","status":"publish","type":"page","link":"http:\/\/www.info-excellensformation.com\/mouvens21\/equipe\/","title":{"rendered":"Equipe"},"content":{"rendered":"<p>[vc_row dark=\u00a0\u00bbtrue\u00a0\u00bb bg_type=\u00a0\u00bbbg_image\u00a0\u00bb dima_canvas_style=\u00a0\u00bb\u00a0\u00bb translate_x=\u00a0\u00bb0&Prime; dima_z_index=\u00a0\u00bb0&Prime; delay=\u00a0\u00bb\u00a0\u00bb delay_duration=\u00a0\u00bb\u00a0\u00bb delay_offset=\u00a0\u00bb\u00a0\u00bb top_and_bottom_padding=\u00a0\u00bb15.625em\u00a0\u00bb left_and_right_padding=\u00a0\u00bb\u00a0\u00bb bg_image=\u00a0\u00bb7621&Prime; class=\u00a0\u00bb\u00a0\u00bb style=\u00a0\u00bb\u00a0\u00bb][vc_column min_height=\u00a0\u00bb\u00a0\u00bb bg_type=\u00a0\u00bb\u00a0\u00bb dima_canvas_style=\u00a0\u00bb\u00a0\u00bb translate_x=\u00a0\u00bb0&Prime; dima_z_index=\u00a0\u00bb0&Prime; animation=\u00a0\u00bbfadeInUp\u00a0\u00bb delay=\u00a0\u00bb400&Prime; delay_duration=\u00a0\u00bb\u00a0\u00bb delay_offset=\u00a0\u00bb\u00a0\u00bb top_and_bottom_padding=\u00a0\u00bb\u00a0\u00bb left_and_right_padding=\u00a0\u00bb\u00a0\u00bb width=\u00a0\u00bb1\/1&Prime; id=\u00a0\u00bb\u00a0\u00bb class=\u00a0\u00bb\u00a0\u00bb style=\u00a0\u00bb\u00a0\u00bb]<h4  class=\"dima-custom-heading text-center\" ><span style=\"color: #ffffff;\">UNE EQUIPE<\/span><\/h4><h1  class=\"dima-custom-heading text-center\" ><span style=\"color: #ffffff;\">A VOTRE ECOUTE<\/span><\/h1><div  class=\"dima-divider line-hr\" ><\/div>[\/vc_column][\/vc_row]<\/p>\n<p>[vc_row top_and_bottom_padding=\u00a0\u00bb20px\u00a0\u00bb left_and_right_padding=\u00a0\u00bb\u00a0\u00bb bg_type=\u00a0\u00bbbg_color\u00a0\u00bb class=\u00a0\u00bb\u00a0\u00bb style=\u00a0\u00bb\u00a0\u00bb][vc_column delay=\u00a0\u00bb\u00a0\u00bb delay_offset=\u00a0\u00bb\u00a0\u00bb bg_type=\u00a0\u00bb\u00a0\u00bb min_height=\u00a0\u00bb\u00a0\u00bb top_and_bottom_padding=\u00a0\u00bb\u00a0\u00bb left_and_right_padding=\u00a0\u00bb\u00a0\u00bb width=\u00a0\u00bb1\/1&Prime;]<div  class=\"dima-clear\" style=\"padding-bottom:0px\"><\/div>[vc_row_inner no_margin=\u00a0\u00bbtrue\u00a0\u00bb top_and_bottom_padding=\u00a0\u00bb\u00a0\u00bb left_and_right_padding=\u00a0\u00bb\u00a0\u00bb bg_type=\u00a0\u00bbbg_color\u00a0\u00bb class=\u00a0\u00bb\u00a0\u00bb style=\u00a0\u00bb\u00a0\u00bb][vc_column_inner animation=\u00a0\u00bbfadeInUp\u00a0\u00bb delay=\u00a0\u00bb400&Prime; delay_offset=\u00a0\u00bb\u00a0\u00bb width=\u00a0\u00bb1\/2&Prime; id=\u00a0\u00bb\u00a0\u00bb class=\u00a0\u00bb\u00a0\u00bb style=\u00a0\u00bb\u00a0\u00bb]<div  class=\"dima-iconbox features-box text-center features-box\" style=\"background-color:#f7f7f7;box-shadow: none;\"><header  class=\"icon-box-header\" ><div class=\"image-cropper thumb  medium  box-circle \" style=\"box-shadow: 0 0 0 1px #ffffff;\"><img loading=\"lazy\" decoding=\"async\" class=\"background-image\" src=\"http:\/\/www.info-excellensformation.com\/mouvens21\/wp-content\/uploads\/2022\/01\/WE.jpg\" width=\"906\" height=\"997\" alt=\"\"><\/div><\/header><div  class=\"features-content\" ><h5 class=\"features-title no-title-hover\" >Willy ENJOLRAS<\/h5>J\u2019ai fond\u00e9 le cabinet Mouvens en 2004, avec pour ambition d\u2019accompagner les acteurs publics et non lucratifs dans le d\u00e9veloppement et l\u2019acc\u00e9l\u00e9ration de leurs missions d\u2019int\u00e9r\u00eat g\u00e9n\u00e9ral. Je suis convaincu de la n\u00e9cessit\u00e9 de les soutenir dans la mise en \u0153uvre de politiques et d\u2019initiatives efficaces pour une transformation durable des territoires.<br \/>\n<div  class=\"dima-clear\" style=\"padding-bottom:5px\"><\/div><br \/>\n<div  class=\"social-media text-center social-medium circle-social\" ><ul class=\"inline clearfix\" ><li    ><a href=\"https:\/\/www.linkedin.com\/in\/willy-enjolras-53320a151\/\" data-toggle=\"tooltip\" data-trigger=\"hover\" data-placement=\"bottom\"  target=\"\" title=\"\"><i class=\"fa fa-linkedin\"><\/i><\/a><\/li><\/ul><\/div><\/div><\/div>[\/vc_column_inner][vc_column_inner animation=\u00a0\u00bbfadeInUp\u00a0\u00bb delay=\u00a0\u00bb600&Prime; delay_offset=\u00a0\u00bb\u00a0\u00bb width=\u00a0\u00bb1\/2&Prime; id=\u00a0\u00bb\u00a0\u00bb class=\u00a0\u00bb\u00a0\u00bb style=\u00a0\u00bb\u00a0\u00bb]<div  class=\"dima-iconbox features-box text-center features-box\" style=\"background-color:#f2f2f2;box-shadow: none;\"><header  class=\"icon-box-header\" ><div class=\"image-cropper thumb  medium  box-circle \" style=\"box-shadow: 0 0 0 1px #ffffff;\"><img loading=\"lazy\" decoding=\"async\" class=\"background-image\" src=\"http:\/\/www.info-excellensformation.com\/mouvens21\/wp-content\/uploads\/2022\/01\/sc_bw_square.jpg\" width=\"2412\" height=\"2408\" alt=\"\"><\/div><\/header><div  class=\"features-content\" ><h5 class=\"features-title no-title-hover\" >Sylvain CHILLET<\/h5>Titulaire d&rsquo;un master en management de projet, j&rsquo;accompagne les acteurs publics et priv\u00e9s dans le cadre de missions de diagnostic et de conseil strat\u00e9gique. Mon expertise porte notamment sur la d\u00e9finition des politiques territoriales et la transformation des mod\u00e8les, avec pour ambition de coconstruire des solutions adapt\u00e9es et insuffler une dynamique nouvelle \u00e0 l&rsquo;\u00e9chelle d&rsquo;un territoire.<br \/>\n<div  class=\"dima-clear\" style=\"padding-bottom:5px\"><\/div><br \/>\n<div  class=\"social-media text-center social-medium circle-social\" ><ul class=\"inline clearfix\" ><li    ><a href=\"https:\/\/www.linkedin.com\/in\/sylvain-chillet-334b21158\/\" data-toggle=\"tooltip\" data-trigger=\"hover\" data-placement=\"bottom\"  target=\"\" title=\"\"><i class=\"fa fa-linkedin\"><\/i><\/a><\/li><\/ul><\/div><\/div><\/div>[\/vc_column_inner][\/vc_row_inner][\/vc_column][\/vc_row]<\/p>\n<p>[vc_row top_and_bottom_padding=\u00a0\u00bb20px\u00a0\u00bb left_and_right_padding=\u00a0\u00bb\u00a0\u00bb bg_type=\u00a0\u00bbbg_color\u00a0\u00bb class=\u00a0\u00bb\u00a0\u00bb style=\u00a0\u00bb\u00a0\u00bb][vc_column delay=\u00a0\u00bb\u00a0\u00bb delay_offset=\u00a0\u00bb\u00a0\u00bb bg_type=\u00a0\u00bb\u00a0\u00bb min_height=\u00a0\u00bb\u00a0\u00bb top_and_bottom_padding=\u00a0\u00bb\u00a0\u00bb left_and_right_padding=\u00a0\u00bb\u00a0\u00bb width=\u00a0\u00bb1\/1&Prime;]<div  class=\"dima-clear\" style=\"padding-bottom:0px\"><\/div>[vc_row_inner no_margin=\u00a0\u00bbtrue\u00a0\u00bb top_and_bottom_padding=\u00a0\u00bb\u00a0\u00bb left_and_right_padding=\u00a0\u00bb\u00a0\u00bb bg_type=\u00a0\u00bbbg_color\u00a0\u00bb class=\u00a0\u00bb\u00a0\u00bb style=\u00a0\u00bb\u00a0\u00bb][vc_column_inner animation=\u00a0\u00bbfadeInUp\u00a0\u00bb delay=\u00a0\u00bb400&Prime; delay_offset=\u00a0\u00bb\u00a0\u00bb width=\u00a0\u00bb1\/2&Prime; id=\u00a0\u00bb\u00a0\u00bb class=\u00a0\u00bb\u00a0\u00bb style=\u00a0\u00bb\u00a0\u00bb]<div  class=\"dima-iconbox features-box text-center features-box\" style=\"background-color:#f7f7f7;box-shadow: none;\"><header  class=\"icon-box-header\" ><div class=\"image-cropper thumb  medium  box-circle \" style=\"box-shadow: 0 0 0 1px #ffffff;\"><img loading=\"lazy\" decoding=\"async\" class=\"background-image\" src=\"http:\/\/www.info-excellensformation.com\/mouvens21\/wp-content\/uploads\/2022\/01\/Sans-titre-1-1.jpg\" width=\"416\" height=\"417\" alt=\"\"><\/div><\/header><div  class=\"features-content\" ><h5 class=\"features-title no-title-hover\" >Virginie REPAIRE<\/h5>Depuis plus de 10 ans, j&rsquo;ai d\u00e9velopp\u00e9 mon exp\u00e9rience de l\u2019accompagnement et du conseil aux collectivit\u00e9s et acteurs de l\u2019ESS \u00e0 la crois\u00e9e de multiples dynamiques : coop\u00e9ration, innovation, mesure d&rsquo;impact social\u2026 Mon parcours de sociologue m\u2019a permis de d\u00e9velopper des d\u00e9marches d\u2019\u00e9valuation afin de proposer des strat\u00e9gies d&rsquo;am\u00e9lioration continue et de renforcer l&rsquo;efficacit\u00e9 des actions.<br \/>\n<div  class=\"dima-clear\" style=\"padding-bottom:5px\"><\/div><br \/>\n<div  class=\"social-media text-center social-medium circle-social\" ><ul class=\"inline clearfix\" ><li    ><a href=\"https:\/\/www.linkedin.com\/in\/virginie-repaire-81662988\/\" data-toggle=\"tooltip\" data-trigger=\"hover\" data-placement=\"bottom\"  target=\"\" title=\"\"><i class=\"fa fa-linkedin\"><\/i><\/a><\/li><\/ul><\/div><\/div><\/div>[\/vc_column_inner][vc_column_inner animation=\u00a0\u00bbfadeInUp\u00a0\u00bb delay=\u00a0\u00bb600&Prime; delay_offset=\u00a0\u00bb\u00a0\u00bb width=\u00a0\u00bb1\/2&Prime; id=\u00a0\u00bb\u00a0\u00bb class=\u00a0\u00bb\u00a0\u00bb style=\u00a0\u00bb\u00a0\u00bb]<div  class=\"dima-iconbox features-box text-center features-box\" style=\"background-color:#f2f2f2;box-shadow: none;\"><header  class=\"icon-box-header\" ><div class=\"image-cropper thumb  medium  box-circle \" style=\"box-shadow: 0 0 0 1px #ffffff;\"><img loading=\"lazy\" decoding=\"async\" class=\"background-image\" src=\"http:\/\/www.info-excellensformation.com\/mouvens21\/wp-content\/uploads\/2022\/01\/Sans-titre-2-1.png\" width=\"906\" height=\"997\" alt=\"\"><\/div><\/header><div  class=\"features-content\" ><h5 class=\"features-title no-title-hover\" >Mathieu DOROSZ<\/h5>Le sport a toujours occup\u00e9 une place importante dans ma vie, c\u2019est pourquoi j\u2019ai souhait\u00e9 en faire mon m\u00e9tier en int\u00e9grant le cabinet Mouvens \u00e0 partir de 2012. Ma motivation ? Accompagner les acteurs publics et les associations dans leurs diff\u00e9rentes r\u00e9flexions de d\u00e9veloppement ou de structuration. Mon obsession ? Apporter une r\u00e9ponse adapt\u00e9e \u00e0 vos attentes et vous aider \u00e0 co-construire votre projet.<br \/>\n<div  class=\"dima-clear\" style=\"padding-bottom:5px\"><\/div><br \/>\n<div  class=\"social-media text-center social-medium circle-social\" ><ul class=\"inline clearfix\" ><li    ><a href=\"https:\/\/www.linkedin.com\/in\/mathieu-dorosz-965406226\/\" data-toggle=\"tooltip\" data-trigger=\"hover\" data-placement=\"bottom\"  target=\"\" title=\"\"><i class=\"fa fa-linkedin\"><\/i><\/a><\/li><\/ul><\/div><\/div><\/div>[\/vc_column_inner][\/vc_row_inner][\/vc_column][\/vc_row]<\/p>\n<p>[vc_row top_and_bottom_padding=\u00a0\u00bb20px\u00a0\u00bb left_and_right_padding=\u00a0\u00bb\u00a0\u00bb bg_type=\u00a0\u00bbbg_color\u00a0\u00bb class=\u00a0\u00bb\u00a0\u00bb style=\u00a0\u00bb\u00a0\u00bb][vc_column delay=\u00a0\u00bb\u00a0\u00bb delay_offset=\u00a0\u00bb\u00a0\u00bb bg_type=\u00a0\u00bb\u00a0\u00bb min_height=\u00a0\u00bb\u00a0\u00bb top_and_bottom_padding=\u00a0\u00bb\u00a0\u00bb left_and_right_padding=\u00a0\u00bb\u00a0\u00bb width=\u00a0\u00bb1\/1&Prime;]<div  class=\"dima-clear\" style=\"padding-bottom:0px\"><\/div>[vc_row_inner no_margin=\u00a0\u00bbtrue\u00a0\u00bb top_and_bottom_padding=\u00a0\u00bb\u00a0\u00bb left_and_right_padding=\u00a0\u00bb\u00a0\u00bb bg_type=\u00a0\u00bbbg_color\u00a0\u00bb class=\u00a0\u00bb\u00a0\u00bb style=\u00a0\u00bb\u00a0\u00bb][vc_column_inner animation=\u00a0\u00bbfadeInUp\u00a0\u00bb delay=\u00a0\u00bb400&Prime; delay_offset=\u00a0\u00bb\u00a0\u00bb width=\u00a0\u00bb1\/2&Prime; id=\u00a0\u00bb\u00a0\u00bb class=\u00a0\u00bb\u00a0\u00bb style=\u00a0\u00bb\u00a0\u00bb]<div  class=\"dima-iconbox features-box text-center features-box\" style=\"background-color:#f7f7f7;box-shadow: none;\"><header  class=\"icon-box-header\" ><div class=\"image-cropper thumb  medium  box-circle \" style=\"box-shadow: 0 0 0 1px #ffffff;\"><img loading=\"lazy\" decoding=\"async\" class=\"background-image\" src=\"http:\/\/www.info-excellensformation.com\/mouvens21\/wp-content\/uploads\/2022\/01\/Sans-titre-1-1.jpg\" width=\"416\" height=\"417\" alt=\"\"><\/div><\/header><div  class=\"features-content\" ><h5 class=\"features-title no-title-hover\" >Manon CARMANTRAND<\/h5>J&rsquo;accompagne les acteurs publics et associatifs \u00e0 travers des d\u00e9marches de diagnostic, d&rsquo;\u00e9tude et d&rsquo;\u00e9valuation afin de les guider dans le d\u00e9veloppement et la mise en \u0153uvre de leurs projets. Par la r\u00e9alisation de missions dans les secteurs de l&rsquo;ESS, de la jeunesse ou l&rsquo;\u00e9laboration de projets territoriaux, j&rsquo;ai pu d\u00e9velopper une solide connaissance des enjeux des territoires et des besoins des publics.<br \/>\n<div  class=\"dima-clear\" style=\"padding-bottom:5px\"><\/div><br \/>\n<div  class=\"social-media text-center social-medium circle-social\" ><ul class=\"inline clearfix\" ><li    ><a href=\"https:\/\/www.linkedin.com\/in\/manon-carmantrand-8a1471229\/\" data-toggle=\"tooltip\" data-trigger=\"hover\" data-placement=\"bottom\"  target=\"\" title=\"\"><i class=\"fa fa-linkedin\"><\/i><\/a><\/li><\/ul><\/div><\/div><\/div>[\/vc_column_inner][vc_column_inner animation=\u00a0\u00bbfadeInUp\u00a0\u00bb delay=\u00a0\u00bb600&Prime; delay_offset=\u00a0\u00bb\u00a0\u00bb width=\u00a0\u00bb1\/2&Prime; id=\u00a0\u00bb\u00a0\u00bb class=\u00a0\u00bb\u00a0\u00bb style=\u00a0\u00bb\u00a0\u00bb]<div  class=\"dima-iconbox features-box text-center features-box\" style=\"background-color:#f2f2f2;box-shadow: none;\"><header  class=\"icon-box-header\" ><div class=\"image-cropper thumb  medium  box-circle \" style=\"box-shadow: 0 0 0 1px #ffffff;\"><img loading=\"lazy\" decoding=\"async\" class=\"background-image\" src=\"http:\/\/www.info-excellensformation.com\/mouvens21\/wp-content\/uploads\/2022\/01\/Sans-titre-1-1.jpg\" width=\"416\" height=\"417\" alt=\"\"><\/div><\/header><div  class=\"features-content\" ><h5 class=\"features-title no-title-hover\" >Ad\u00e9la\u00efde DARRAS<\/h5>Form\u00e9e \u00e0 la strat\u00e9gie et gestion des entreprises sportives et de loisirs, j&rsquo;accompagne les acteurs de ce secteur dans leurs projets en fonction de leurs besoins. J\u2019ai \u00e0 coeur de contribuer au d\u00e9veloppement de politiques et de solutions innovantes permettant la transition  des territoires et acteurs du secteur sportif vers des mod\u00e8les durables r\u00e9pondant aux enjeux sociaux et \u00e9conomiques modernes.<br \/>\n<div  class=\"dima-clear\" style=\"padding-bottom:5px\"><\/div><br \/>\n<div  class=\"social-media text-center social-medium circle-social\" ><ul class=\"inline clearfix\" ><li    ><a href=\"https:\/\/www.linkedin.com\/in\/ad%C3%A9la%C3%AFde-darras33\/\" data-toggle=\"tooltip\" data-trigger=\"hover\" data-placement=\"bottom\"  target=\"\" title=\"\"><i class=\"fa fa-linkedin\"><\/i><\/a><\/li><\/ul><\/div><\/div><\/div>[\/vc_column_inner][\/vc_row_inner][\/vc_column][\/vc_row]<\/p>\n<p>[vc_row top_and_bottom_padding=\u00a0\u00bb20px\u00a0\u00bb left_and_right_padding=\u00a0\u00bb\u00a0\u00bb bg_type=\u00a0\u00bbbg_color\u00a0\u00bb class=\u00a0\u00bb\u00a0\u00bb style=\u00a0\u00bb\u00a0\u00bb][vc_column delay=\u00a0\u00bb\u00a0\u00bb delay_offset=\u00a0\u00bb\u00a0\u00bb bg_type=\u00a0\u00bb\u00a0\u00bb min_height=\u00a0\u00bb\u00a0\u00bb top_and_bottom_padding=\u00a0\u00bb\u00a0\u00bb left_and_right_padding=\u00a0\u00bb\u00a0\u00bb width=\u00a0\u00bb1\/1&Prime;]<div  class=\"dima-clear\" style=\"padding-bottom:0px\"><\/div>[vc_row_inner no_margin=\u00a0\u00bbtrue\u00a0\u00bb top_and_bottom_padding=\u00a0\u00bb\u00a0\u00bb left_and_right_padding=\u00a0\u00bb\u00a0\u00bb bg_type=\u00a0\u00bbbg_color\u00a0\u00bb class=\u00a0\u00bb\u00a0\u00bb style=\u00a0\u00bb\u00a0\u00bb][vc_column_inner animation=\u00a0\u00bbfadeInUp\u00a0\u00bb delay=\u00a0\u00bb400&Prime; delay_offset=\u00a0\u00bb\u00a0\u00bb width=\u00a0\u00bb1\/2&Prime; id=\u00a0\u00bb\u00a0\u00bb class=\u00a0\u00bb\u00a0\u00bb style=\u00a0\u00bb\u00a0\u00bb]<div  class=\"dima-iconbox features-box text-center features-box\" style=\"background-color:#f7f7f7;box-shadow: none;\"><header  class=\"icon-box-header\" ><div class=\"image-cropper thumb  medium  box-circle \" style=\"box-shadow: 0 0 0 1px #ffffff;\"><img loading=\"lazy\" decoding=\"async\" class=\"background-image\" src=\"http:\/\/www.info-excellensformation.com\/mouvens21\/wp-content\/uploads\/2022\/01\/JulieCARRONSANSON-scaled.jpg\" width=\"1704\" height=\"2560\" alt=\"\"><\/div><\/header><div  class=\"features-content\" ><h5 class=\"features-title no-title-hover\" >Julie CARRON-SANSON<\/h5>Curieuse et passionn\u00e9e par l&rsquo;innovation sociale et la mesure de l&rsquo;impact du sport dans la soci\u00e9t\u00e9, j\u2019ai rejoint Mouvens pour mettre mon expertise du mouvement sportif, de la com et du market au profit des acteurs du sport. Mon exp\u00e9rience d&rsquo;adjointe au DG en charge de Paris 2024 du CNOSF me permet d&rsquo;accompagner le mouvement sportif et les territoires dans la d\u00e9finition de strat\u00e9gies et de conduite de projet.<br \/>\n<div  class=\"dima-clear\" style=\"padding-bottom:5px\"><\/div><br \/>\n<div  class=\"social-media text-center social-medium circle-social\" ><ul class=\"inline clearfix\" ><li    ><a href=\"https:\/\/www.linkedin.com\/in\/julie-carron-sanson-73448027\/\" data-toggle=\"tooltip\" data-trigger=\"hover\" data-placement=\"bottom\"  target=\"\" title=\"\"><i class=\"fa fa-linkedin\"><\/i><\/a><\/li><\/ul><\/div><\/div><\/div>[\/vc_column_inner][vc_column_inner animation=\u00a0\u00bbfadeInUp\u00a0\u00bb delay=\u00a0\u00bb600&Prime; delay_offset=\u00a0\u00bb\u00a0\u00bb width=\u00a0\u00bb1\/2&Prime; id=\u00a0\u00bb\u00a0\u00bb class=\u00a0\u00bb\u00a0\u00bb style=\u00a0\u00bb\u00a0\u00bb]<div  class=\"dima-iconbox features-box text-center features-box\" style=\"background-color:#f2f2f2;box-shadow: none;\"><header  class=\"icon-box-header\" ><div class=\"image-cropper thumb  medium  box-circle \" style=\"box-shadow: 0 0 0 1px #ffffff;\"><img loading=\"lazy\" decoding=\"async\" class=\"background-image\" src=\"http:\/\/www.info-excellensformation.com\/mouvens21\/wp-content\/uploads\/2022\/01\/Sans-titre-1-1.jpg\" width=\"416\" height=\"417\" alt=\"\"><\/div><\/header><div  class=\"features-content\" ><h5 class=\"features-title no-title-hover\" >Pauline CADOR<\/h5>Dix ann\u00e9es d&rsquo;exp\u00e9rience dans le secteur de l\u2019\u00e9conomie sociale et solidaire, dans la conduite du changement, le management collaboratif, la transformation de mod\u00e8les \u00e9conomiques, la recherche de solutions de financement et de strat\u00e9gie de communication&#8230; et toujours le m\u00eame enthousiasme \u00e0 vous accompagner face \u00e0 vos nouveaux d\u00e9fis !<br \/>\n<div  class=\"dima-clear\" style=\"padding-bottom:5px\"><\/div><br \/>\n<div  class=\"social-media text-center social-medium circle-social\" ><ul class=\"inline clearfix\" ><li    ><a href=\"#\" data-toggle=\"tooltip\" data-trigger=\"hover\" data-placement=\"bottom\"  target=\"\" title=\"\"><i class=\"fa fa-linkedin\"><\/i><\/a><\/li><\/ul><\/div><\/div><\/div>[\/vc_column_inner][\/vc_row_inner][\/vc_column][\/vc_row]<\/p>\n<p>[vc_row top_and_bottom_padding=\u00a0\u00bb0&Prime; left_and_right_padding=\u00a0\u00bb0&Prime; bg_type=\u00a0\u00bbbg_color\u00a0\u00bb class=\u00a0\u00bb\u00a0\u00bb style=\u00a0\u00bb\u00a0\u00bb bg_color=\u00a0\u00bb#f15e22&Prime;][vc_column delay=\u00a0\u00bb\u00a0\u00bb delay_offset=\u00a0\u00bb\u00a0\u00bb bg_type=\u00a0\u00bb\u00a0\u00bb min_height=\u00a0\u00bb\u00a0\u00bb top_and_bottom_padding=\u00a0\u00bb\u00a0\u00bb left_and_right_padding=\u00a0\u00bb\u00a0\u00bb width=\u00a0\u00bb1\/1&Prime;]<div  class=\"no-border dima-callout dima-full-callout text-start\" ><div class=\"dima-callout-clm1\"><h3 class=\"h-callout\" style=\"color:#ffffff;\">Vous avez un besoin sp\u00e9cifique ?<\/h3><p class=\"p-callout\" style=\"color:#ffffff;\">Nous accompagnons les acteurs publics et les organisations dans la r\u00e9alisation de leur strat\u00e9gie d'action.<br \/>\nDiagnostic territorial, sch\u00e9ma directeur ou d'\u00e9quipements, audit de service ou de projet, \u00e9tude de faisabilit\u00e9 ou d'opportunit\u00e9s, \u00e9valuation de projets... nous sommes \u00e0 votre \u00e9coute.<\/p><\/div><div class=\"dima-callout-clm2 text-end\"><a   data-direction=\"down\" class=\"dima-button  dima-btn-no-rounded fill dima-btn-large\"  href=\"\/mouvens21\/contact\/\"    >ON VOUS ECOUTE !<\/a><\/div><\/div>[\/vc_column][\/vc_row]<\/p>\n","protected":false},"excerpt":{"rendered":"<p>[vc_row dark=\u00a0\u00bbtrue\u00a0\u00bb bg_type=\u00a0\u00bbbg_image\u00a0\u00bb dima_canvas_style=\u00a0\u00bb\u00a0\u00bb translate_x=\u00a0\u00bb0&Prime; dima_z_index=\u00a0\u00bb0&Prime; delay=\u00a0\u00bb\u00a0\u00bb delay_duration=\u00a0\u00bb\u00a0\u00bb delay_offset=\u00a0\u00bb\u00a0\u00bb top_and_bottom_padding=\u00a0\u00bb15.625em\u00a0\u00bb left_and_right_padding=\u00a0\u00bb\u00a0\u00bb bg_image=\u00a0\u00bb7621&Prime; class=\u00a0\u00bb\u00a0\u00bb style=\u00a0\u00bb\u00a0\u00bb][vc_column min_height=\u00a0\u00bb\u00a0\u00bb bg_type=\u00a0\u00bb\u00a0\u00bb dima_canvas_style=\u00a0\u00bb\u00a0\u00bb translate_x=\u00a0\u00bb0&Prime; dima_z_index=\u00a0\u00bb0&Prime; animation=\u00a0\u00bbfadeInUp\u00a0\u00bb delay=\u00a0\u00bb400&Prime; delay_duration=\u00a0\u00bb\u00a0\u00bb delay_offset=\u00a0\u00bb\u00a0\u00bb top_and_bottom_padding=\u00a0\u00bb\u00a0\u00bb left_and_right_padding=\u00a0\u00bb\u00a0\u00bb width=\u00a0\u00bb1\/1&Prime; id=\u00a0\u00bb\u00a0\u00bb class=\u00a0\u00bb\u00a0\u00bb style=\u00a0\u00bb\u00a0\u00bb][\/vc_column][\/vc_row] [vc_row top_and_bottom_padding=\u00a0\u00bb20px\u00a0\u00bb left_and_right_padding=\u00a0\u00bb\u00a0\u00bb bg_type=\u00a0\u00bbbg_color\u00a0\u00bb class=\u00a0\u00bb\u00a0\u00bb style=\u00a0\u00bb\u00a0\u00bb][vc_column delay=\u00a0\u00bb\u00a0\u00bb delay_offset=\u00a0\u00bb\u00a0\u00bb bg_type=\u00a0\u00bb\u00a0\u00bb min_height=\u00a0\u00bb\u00a0\u00bb top_and_bottom_padding=\u00a0\u00bb\u00a0\u00bb left_and_right_padding=\u00a0\u00bb\u00a0\u00bb width=\u00a0\u00bb1\/1&Prime;][vc_row_inner no_margin=\u00a0\u00bbtrue\u00a0\u00bb top_and_bottom_padding=\u00a0\u00bb\u00a0\u00bb left_and_right_padding=\u00a0\u00bb\u00a0\u00bb bg_type=\u00a0\u00bbbg_color\u00a0\u00bb class=\u00a0\u00bb\u00a0\u00bb style=\u00a0\u00bb\u00a0\u00bb][vc_column_inner animation=\u00a0\u00bbfadeInUp\u00a0\u00bb delay=\u00a0\u00bb400&Prime; delay_offset=\u00a0\u00bb\u00a0\u00bb width=\u00a0\u00bb1\/2&Prime; id=\u00a0\u00bb\u00a0\u00bb class=\u00a0\u00bb\u00a0\u00bb style=\u00a0\u00bb\u00a0\u00bb][\/vc_column_inner][vc_column_inner [&hellip;]<\/p>\n","protected":false},"author":2,"featured_media":0,"parent":0,"menu_order":0,"comment_status":"closed","ping_status":"closed","template":"","meta":{"_bbp_topic_count":0,"_bbp_reply_count":0,"_bbp_total_topic_count":0,"_bbp_total_reply_count":0,"_bbp_voice_count":0,"_bbp_anonymous_reply_count":0,"_bbp_topic_count_hidden":0,"_bbp_reply_count_hidden":0,"_bbp_forum_subforum_count":0,"footnotes":""},"class_list":["post-3357","page","type-page","status-publish","hentry"],"amp_validity":null,"amp_enabled":true,"_links":{"self":[{"href":"http:\/\/www.info-excellensformation.com\/mouvens21\/wp-json\/wp\/v2\/pages\/3357","targetHints":{"allow":["GET"]}}],"collection":[{"href":"http:\/\/www.info-excellensformation.com\/mouvens21\/wp-json\/wp\/v2\/pages"}],"about":[{"href":"http:\/\/www.info-excellensformation.com\/mouvens21\/wp-json\/wp\/v2\/types\/page"}],"author":[{"embeddable":true,"href":"http:\/\/www.info-excellensformation.com\/mouvens21\/wp-json\/wp\/v2\/users\/2"}],"replies":[{"embeddable":true,"href":"http:\/\/www.info-excellensformation.com\/mouvens21\/wp-json\/wp\/v2\/comments?post=3357"}],"version-history":[{"count":96,"href":"http:\/\/www.info-excellensformation.com\/mouvens21\/wp-json\/wp\/v2\/pages\/3357\/revisions"}],"predecessor-version":[{"id":7834,"href":"http:\/\/www.info-excellensformation.com\/mouvens21\/wp-json\/wp\/v2\/pages\/3357\/revisions\/7834"}],"wp:attachment":[{"href":"http:\/\/www.info-excellensformation.com\/mouvens21\/wp-json\/wp\/v2\/media?parent=3357"}],"curies":[{"name":"wp","href":"https:\/\/api.w.org\/{rel}","templated":true}]}}