{"id":6408,"date":"2021-07-08T12:35:18","date_gmt":"2021-07-08T10:35:18","guid":{"rendered":"http:\/\/www.info-excellensformation.com\/mouvens21\/?page_id=6408"},"modified":"2022-01-19T11:33:54","modified_gmt":"2022-01-19T10:33:54","slug":"vie-associative","status":"publish","type":"page","link":"http:\/\/www.info-excellensformation.com\/mouvens21\/vie-associative\/","title":{"rendered":"Vie associative"},"content":{"rendered":"<p>[vc_row dark=\u00a0\u00bbtrue\u00a0\u00bb top_and_bottom_padding=\u00a0\u00bb\u00a0\u00bb left_and_right_padding=\u00a0\u00bb\u00a0\u00bb bg_type=\u00a0\u00bbbg_pattern\u00a0\u00bb cover=\u00a0\u00bbtrue\u00a0\u00bb parallax=\u00a0\u00bbfixed_parallax\u00a0\u00bb bg_pattern=\u00a0\u00bb7588&Prime; class=\u00a0\u00bb\u00a0\u00bb style=\u00a0\u00bb\u00a0\u00bb][vc_column delay=\u00a0\u00bb\u00a0\u00bb delay_offset=\u00a0\u00bb\u00a0\u00bb bg_type=\u00a0\u00bb\u00a0\u00bb min_height=\u00a0\u00bb\u00a0\u00bb top_and_bottom_padding=\u00a0\u00bb\u00a0\u00bb left_and_right_padding=\u00a0\u00bb\u00a0\u00bb width=\u00a0\u00bb1\/1&Prime;]<div  class=\"dima-clear\" style=\"padding-bottom:16em\"><\/div><h1  class=\"dima-custom-heading\" ><span style=\"color: #ffffff;\">Vie associative<\/span><\/h1>[\/vc_column][\/vc_row][vc_row top_and_bottom_padding=\u00a0\u00bb\u00a0\u00bb left_and_right_padding=\u00a0\u00bb\u00a0\u00bb bg_type=\u00a0\u00bb\u00a0\u00bb class=\u00a0\u00bb\u00a0\u00bb style=\u00a0\u00bb\u00a0\u00bb][vc_column animation=\u00a0\u00bbfadeInLeft\u00a0\u00bb delay=\u00a0\u00bb400&Prime; delay_offset=\u00a0\u00bb\u00a0\u00bb bg_type=\u00a0\u00bb\u00a0\u00bb min_height=\u00a0\u00bb\u00a0\u00bb top_and_bottom_padding=\u00a0\u00bb\u00a0\u00bb left_and_right_padding=\u00a0\u00bb\u00a0\u00bb width=\u00a0\u00bb1\/3&Prime; id=\u00a0\u00bb\u00a0\u00bb class=\u00a0\u00bb\u00a0\u00bb style=\u00a0\u00bb\u00a0\u00bb]<h2  class=\"dima-custom-heading\" >Etudes &#038; Conseil<\/h2>[\/vc_column][vc_column animation=\u00a0\u00bbfadeInUp\u00a0\u00bb delay=\u00a0\u00bb500&Prime; delay_offset=\u00a0\u00bb\u00a0\u00bb bg_type=\u00a0\u00bb\u00a0\u00bb min_height=\u00a0\u00bb\u00a0\u00bb top_and_bottom_padding=\u00a0\u00bb\u00a0\u00bb left_and_right_padding=\u00a0\u00bb\u00a0\u00bb width=\u00a0\u00bb2\/3&Prime; id=\u00a0\u00bb\u00a0\u00bb class=\u00a0\u00bb\u00a0\u00bb style=\u00a0\u00bb\u00a0\u00bb]<p>Dans toute leur diversit\u00e9, les structures de l&rsquo;Economie Sociale et Solidaire (ESS) agissent, au quotidien, pour apporter des r\u00e9ponses aux besoins sociaux de leur territoire. Elles contribuent \u00e0 l&rsquo;engagement citoyen, au lien social et \u00e0 la construction d&rsquo;une soci\u00e9t\u00e9 plus humaine et plus durable. Conscient de leur place mais \u00e9galement des transformations actuellement \u00e0 l&rsquo;oeuvre, Mouvens a pour ambition de contribuer \u00e0 \u00ab\u00a0dessiner le futur\u00a0\u00bb du secteur associatif. Mouvens s&rsquo;engage ainsi en faveur de la conduite de politiques publiques fortes \u00e0 destination du secteur (crit\u00e8res de subventionnement, dispositifs d&rsquo;accompagnement, \u00e9tat du patrimoine et des \u00e9quipements publics mis \u00e0 disposition, essaimage de projets locaux&#8230;) et d&rsquo;accompagner les associations afin de leur permettre d&rsquo;anticiper les enjeux, de s&rsquo;adapter et de mieux servir les enjeux soci\u00e9taux pour lesquels elles agissent.<\/p>\n[\/vc_column][\/vc_row][vc_row no_margin=\u00a0\u00bbtrue\u00a0\u00bb full_width=\u00a0\u00bbfull_width\u00a0\u00bb dark=\u00a0\u00bbtrue\u00a0\u00bb equal_height=\u00a0\u00bbtrue\u00a0\u00bb top_and_bottom_padding=\u00a0\u00bb\u00a0\u00bb left_and_right_padding=\u00a0\u00bb\u00a0\u00bb bg_type=\u00a0\u00bb\u00a0\u00bb class=\u00a0\u00bb\u00a0\u00bb style=\u00a0\u00bb\u00a0\u00bb id=\u00a0\u00bb\u00a0\u00bb][vc_column delay=\u00a0\u00bb\u00a0\u00bb delay_offset=\u00a0\u00bb\u00a0\u00bb bg_type=\u00a0\u00bbbg_image\u00a0\u00bb min_height=\u00a0\u00bb360px\u00a0\u00bb top_and_bottom_padding=\u00a0\u00bb\u00a0\u00bb left_and_right_padding=\u00a0\u00bb\u00a0\u00bb sd=\u00a0\u00bb6&Prime; width=\u00a0\u00bb1\/3&Prime; id=\u00a0\u00bb\u00a0\u00bb class=\u00a0\u00bb\u00a0\u00bb style=\u00a0\u00bb\u00a0\u00bb bg_image=\u00a0\u00bb7727&Prime;][\/vc_column][vc_column delay=\u00a0\u00bb\u00a0\u00bb delay_offset=\u00a0\u00bb\u00a0\u00bb bg_type=\u00a0\u00bbbg_image\u00a0\u00bb min_height=\u00a0\u00bb360px\u00a0\u00bb top_and_bottom_padding=\u00a0\u00bb\u00a0\u00bb left_and_right_padding=\u00a0\u00bb\u00a0\u00bb sd=\u00a0\u00bb6&Prime; width=\u00a0\u00bb1\/3&Prime; id=\u00a0\u00bb\u00a0\u00bb class=\u00a0\u00bbno-bottom-margin\u00a0\u00bb style=\u00a0\u00bb\u00a0\u00bb bg_image=\u00a0\u00bb7726&Prime;][\/vc_column][vc_column delay=\u00a0\u00bb\u00a0\u00bb delay_offset=\u00a0\u00bb\u00a0\u00bb bg_type=\u00a0\u00bbbg_color\u00a0\u00bb min_height=\u00a0\u00bb\u00a0\u00bb top_and_bottom_padding=\u00a0\u00bb14%\u00a0\u00bb left_and_right_padding=\u00a0\u00bb14%\u00a0\u00bb sd=\u00a0\u00bb12&Prime; width=\u00a0\u00bb1\/3&Prime; id=\u00a0\u00bb\u00a0\u00bb class=\u00a0\u00bbno-bottom-margin\u00a0\u00bb style=\u00a0\u00bb\u00a0\u00bb bg_color=\u00a0\u00bb#ff5733&Prime;]<h3  class=\"dima-custom-heading\" ><span style=\"color: #ffffff;\">Expertise<\/span><\/h3><p><span style=\"color: rgba(255, 255, 255, 0.8);\">Mouvens a construit une offre d&rsquo;accompagnement adapt\u00e9e aux sp\u00e9cificit\u00e9s associatives et qui r\u00e9pond aux besoins de la structure \u00e0 chaque \u00e9tape de sa vie (\u00e9mergence de nouvelles activit\u00e9s, d\u00e9veloppement, refonte de la gouvernance, fiscalit\u00e9&#8230;). Le cabinet veille \u00e0 apporter des r\u00e9ponses concr\u00e8tes, qui s&rsquo;ancrent dans la r\u00e9alit\u00e9 des associations en fonction de leurs moyens, de leur environnement et de leurs champs d&rsquo;intervention.<\/span><\/p>\n<a   data-direction=\"down\" class=\"dima-button di_white  dima-btn-no-rounded stroke dima-btn-small\"  href=\"\/mouvens21\/nos-references-vie-associative\/\"    >NOS REFERENCES<\/a>[\/vc_column][\/vc_row][vc_row top_and_bottom_padding=\u00a0\u00bb\u00a0\u00bb left_and_right_padding=\u00a0\u00bb\u00a0\u00bb bg_type=\u00a0\u00bbbg_color\u00a0\u00bb class=\u00a0\u00bb\u00a0\u00bb style=\u00a0\u00bb\u00a0\u00bb][vc_column delay=\u00a0\u00bb\u00a0\u00bb delay_offset=\u00a0\u00bb\u00a0\u00bb bg_type=\u00a0\u00bb\u00a0\u00bb min_height=\u00a0\u00bb\u00a0\u00bb top_and_bottom_padding=\u00a0\u00bb\u00a0\u00bb left_and_right_padding=\u00a0\u00bb\u00a0\u00bb width=\u00a0\u00bb1\/1&Prime;][vc_row_inner top_and_bottom_padding=\u00a0\u00bb\u00a0\u00bb left_and_right_padding=\u00a0\u00bb\u00a0\u00bb bg_type=\u00a0\u00bbbg_color\u00a0\u00bb][vc_column_inner animation=\u00a0\u00bbfadeInLeft\u00a0\u00bb delay=\u00a0\u00bb400&Prime; delay_offset=\u00a0\u00bb\u00a0\u00bb sd=\u00a0\u00bb12&Prime; width=\u00a0\u00bb1\/3&Prime; id=\u00a0\u00bb\u00a0\u00bb class=\u00a0\u00bb\u00a0\u00bb style=\u00a0\u00bb\u00a0\u00bb]<h2  class=\"dima-custom-heading\" >Champs d&rsquo;intervention<\/h2>[\/vc_column_inner][vc_column_inner animation=\u00a0\u00bbfadeInUp\u00a0\u00bb delay=\u00a0\u00bb500&Prime; delay_offset=\u00a0\u00bb\u00a0\u00bb sd=\u00a0\u00bb12&Prime; width=\u00a0\u00bb2\/3&Prime; id=\u00a0\u00bb\u00a0\u00bb class=\u00a0\u00bb\u00a0\u00bb style=\u00a0\u00bb\u00a0\u00bb]<div  class=\"dima-timeline-list process-v mediam\" ><div  class=\"dima-iconbox no-box text-start features-start\" ><header  class=\"icon-box-header\" ><i  class=\"simple-icon-check box-circle  icon-box-medium  icon-box-hover\"><span class=\"topaz-hover\"><\/span><\/i><\/header><div  class=\"features-content\" ><h5 class=\"features-title\" >Politiques publiques<\/h5>La vitalit\u00e9 et le d\u00e9veloppement des potentialit\u00e9s du secteur est une responsabilit\u00e9 partag\u00e9e. Mouvens soutient les collectivit\u00e9s dans la construction de politiques ambitieuses et le renouvellement des modalit\u00e9s de partenariat.<\/div><\/div><div  class=\"dima-iconbox no-box text-start features-start\" ><header  class=\"icon-box-header\" ><i  class=\"simple-icon-check box-circle  icon-box-medium  icon-box-hover\"><span class=\"topaz-hover\"><\/span><\/i><\/header><div  class=\"features-content\" ><h5 class=\"features-title\" >Dynamiques associatives<\/h5>Projet associatif, structuration interne, coop\u00e9ration et mutualisation&#8230;, autant d&rsquo;expertises que Mouvens mobilise dans l&rsquo;accompagnement des associations pour leur donner les moyens \u00e0 la hauteur de leurs ambitions.<\/div><\/div><div  class=\"dima-iconbox no-box text-start features-start\" ><header  class=\"icon-box-header\" ><i  class=\"simple-icon-check box-circle  icon-box-medium  icon-box-hover\"><span class=\"topaz-hover\"><\/span><\/i><\/header><div  class=\"features-content\" ><h5 class=\"features-title\" >Audits strat\u00e9giques et financiers<\/h5>Mouvens d\u00e9ploie une expertise dans la conduite de diagnostics strat\u00e9giques et \u00e9conomiques des acteurs de l&rsquo;ESS, qui contribuent \u00e0 la consolidation de leurs activit\u00e9s et \u00e0 la prise en compte des mutations du secteur.<\/div><\/div><div  class=\"dima-iconbox no-box text-start features-start\" ><header  class=\"icon-box-header\" ><i  class=\"simple-icon-check box-circle  icon-box-medium  icon-box-hover\"><span class=\"topaz-hover\"><\/span><\/i><\/header><div  class=\"features-content\" ><h5 class=\"features-title\" >Formation des acteurs<\/h5>Mouvens forme les dirigeants associatifs dans le cadre de plans de formation et de modules \u00ab\u00a0sur-mesure\u00a0\u00bb, en mettant plus particuli\u00e8rement l&rsquo;accent sur des m\u00e9thodes et des outils \u00e9prouv\u00e9s dans le cadre de ses accompagnements.<\/div><\/div><\/div>[\/vc_column_inner][\/vc_row_inner][\/vc_column][\/vc_row][vc_row top_and_bottom_padding=\u00a0\u00bb\u00a0\u00bb left_and_right_padding=\u00a0\u00bb\u00a0\u00bb bg_type=\u00a0\u00bbbg_color\u00a0\u00bb bg_color=\u00a0\u00bb#fafafa\u00a0\u00bb class=\u00a0\u00bb\u00a0\u00bb style=\u00a0\u00bb\u00a0\u00bb][vc_column animation=\u00a0\u00bbfadeInLeft\u00a0\u00bb delay=\u00a0\u00bb400&Prime; delay_offset=\u00a0\u00bb\u00a0\u00bb bg_type=\u00a0\u00bb\u00a0\u00bb min_height=\u00a0\u00bb\u00a0\u00bb top_and_bottom_padding=\u00a0\u00bb\u00a0\u00bb left_and_right_padding=\u00a0\u00bb\u00a0\u00bb width=\u00a0\u00bb1\/3&Prime; id=\u00a0\u00bb\u00a0\u00bb class=\u00a0\u00bb\u00a0\u00bb style=\u00a0\u00bb\u00a0\u00bb]<h2  class=\"dima-custom-heading\" >Aper\u00e7u clients<\/h2>[\/vc_column][vc_column animation=\u00a0\u00bbfadeInUp\u00a0\u00bb delay=\u00a0\u00bb500&Prime; delay_offset=\u00a0\u00bb\u00a0\u00bb bg_type=\u00a0\u00bb\u00a0\u00bb min_height=\u00a0\u00bb\u00a0\u00bb top_and_bottom_padding=\u00a0\u00bb\u00a0\u00bb left_and_right_padding=\u00a0\u00bb\u00a0\u00bb width=\u00a0\u00bb2\/3&Prime; id=\u00a0\u00bb\u00a0\u00bb class=\u00a0\u00bb\u00a0\u00bb style=\u00a0\u00bb\u00a0\u00bb]<div  class=\"clients-wrapper grid  client-clm-4\" ><ul><li   class=\"slide-item\" ><a href=\"\/mouvens21\/dima-portfolio\/communaute-urbaine-dalencon-2\/\" ><img decoding=\"async\" src=\"http:\/\/www.info-excellensformation.com\/mouvens21\/wp-content\/uploads\/2022\/01\/asso1.png\" alt=\"\"><\/a><\/li><li   class=\"slide-item\" ><a href=\"\/mouvens21\/dima-portfolio\/fondation-de-france-2\/\" ><img decoding=\"async\" src=\"http:\/\/www.info-excellensformation.com\/mouvens21\/wp-content\/uploads\/2022\/01\/asso2.png\" alt=\"\"><\/a><\/li><li   class=\"slide-item\" ><a href=\"\/mouvens21\/dima-portfolio\/ville-de-chalons-en-champagne-4\/\" ><img decoding=\"async\" src=\"http:\/\/www.info-excellensformation.com\/mouvens21\/wp-content\/uploads\/2022\/01\/asso3.png\" alt=\"\"><\/a><\/li><li   class=\"slide-item\" ><a href=\"\/mouvens21\/dima-portfolio\/ville-de-lille-2\/\" ><img decoding=\"async\" src=\"http:\/\/www.info-excellensformation.com\/mouvens21\/wp-content\/uploads\/2022\/01\/asso4.png\" alt=\"\"><\/a><\/li><li   class=\"slide-item\" ><a href=\"\/mouvens21\/dima-portfolio\/conseil-general-de-seine-et-marne-2\/\" ><img decoding=\"async\" src=\"http:\/\/www.info-excellensformation.com\/mouvens21\/wp-content\/uploads\/2022\/01\/asso5.png\" alt=\"\"><\/a><\/li><li   class=\"slide-item\" ><a href=\"\/mouvens21\/dima-portfolio\/ville-de-hem-6\/\" ><img decoding=\"async\" src=\"http:\/\/www.info-excellensformation.com\/mouvens21\/wp-content\/uploads\/2022\/01\/asso6.png\" alt=\"\"><\/a><\/li><li   class=\"slide-item\" ><a href=\"\/mouvens21\/dima-portfolio\/cress-martinique\/\" ><img decoding=\"async\" src=\"http:\/\/www.info-excellensformation.com\/mouvens21\/wp-content\/uploads\/2022\/01\/asso7.png\" alt=\"\"><\/a><\/li><li   class=\"slide-item\" ><a href=\"\/mouvens21\/dima-portfolio\/ville-de-vaulx-en-velin-2\/\" ><img decoding=\"async\" src=\"http:\/\/www.info-excellensformation.com\/mouvens21\/wp-content\/uploads\/2022\/01\/asso8.png\" alt=\"\"><\/a><\/li><\/ul><\/div>[\/vc_column][\/vc_row]<\/p>\n","protected":false},"excerpt":{"rendered":"<p>[vc_row dark=\u00a0\u00bbtrue\u00a0\u00bb top_and_bottom_padding=\u00a0\u00bb\u00a0\u00bb left_and_right_padding=\u00a0\u00bb\u00a0\u00bb bg_type=\u00a0\u00bbbg_pattern\u00a0\u00bb cover=\u00a0\u00bbtrue\u00a0\u00bb parallax=\u00a0\u00bbfixed_parallax\u00a0\u00bb bg_pattern=\u00a0\u00bb7588&Prime; class=\u00a0\u00bb\u00a0\u00bb style=\u00a0\u00bb\u00a0\u00bb][vc_column delay=\u00a0\u00bb\u00a0\u00bb delay_offset=\u00a0\u00bb\u00a0\u00bb bg_type=\u00a0\u00bb\u00a0\u00bb min_height=\u00a0\u00bb\u00a0\u00bb top_and_bottom_padding=\u00a0\u00bb\u00a0\u00bb left_and_right_padding=\u00a0\u00bb\u00a0\u00bb width=\u00a0\u00bb1\/1&Prime;][\/vc_column][\/vc_row][vc_row top_and_bottom_padding=\u00a0\u00bb\u00a0\u00bb left_and_right_padding=\u00a0\u00bb\u00a0\u00bb bg_type=\u00a0\u00bb\u00a0\u00bb class=\u00a0\u00bb\u00a0\u00bb style=\u00a0\u00bb\u00a0\u00bb][vc_column animation=\u00a0\u00bbfadeInLeft\u00a0\u00bb delay=\u00a0\u00bb400&Prime; delay_offset=\u00a0\u00bb\u00a0\u00bb bg_type=\u00a0\u00bb\u00a0\u00bb min_height=\u00a0\u00bb\u00a0\u00bb top_and_bottom_padding=\u00a0\u00bb\u00a0\u00bb left_and_right_padding=\u00a0\u00bb\u00a0\u00bb width=\u00a0\u00bb1\/3&Prime; id=\u00a0\u00bb\u00a0\u00bb class=\u00a0\u00bb\u00a0\u00bb style=\u00a0\u00bb\u00a0\u00bb][\/vc_column][vc_column animation=\u00a0\u00bbfadeInUp\u00a0\u00bb delay=\u00a0\u00bb500&Prime; delay_offset=\u00a0\u00bb\u00a0\u00bb bg_type=\u00a0\u00bb\u00a0\u00bb min_height=\u00a0\u00bb\u00a0\u00bb top_and_bottom_padding=\u00a0\u00bb\u00a0\u00bb left_and_right_padding=\u00a0\u00bb\u00a0\u00bb width=\u00a0\u00bb2\/3&Prime; id=\u00a0\u00bb\u00a0\u00bb class=\u00a0\u00bb\u00a0\u00bb style=\u00a0\u00bb\u00a0\u00bb][\/vc_column][\/vc_row][vc_row no_margin=\u00a0\u00bbtrue\u00a0\u00bb full_width=\u00a0\u00bbfull_width\u00a0\u00bb dark=\u00a0\u00bbtrue\u00a0\u00bb equal_height=\u00a0\u00bbtrue\u00a0\u00bb top_and_bottom_padding=\u00a0\u00bb\u00a0\u00bb left_and_right_padding=\u00a0\u00bb\u00a0\u00bb bg_type=\u00a0\u00bb\u00a0\u00bb class=\u00a0\u00bb\u00a0\u00bb style=\u00a0\u00bb\u00a0\u00bb id=\u00a0\u00bb\u00a0\u00bb][vc_column delay=\u00a0\u00bb\u00a0\u00bb [&hellip;]<\/p>\n","protected":false},"author":1,"featured_media":0,"parent":0,"menu_order":0,"comment_status":"closed","ping_status":"closed","template":"","meta":{"_bbp_topic_count":0,"_bbp_reply_count":0,"_bbp_total_topic_count":0,"_bbp_total_reply_count":0,"_bbp_voice_count":0,"_bbp_anonymous_reply_count":0,"_bbp_topic_count_hidden":0,"_bbp_reply_count_hidden":0,"_bbp_forum_subforum_count":0,"footnotes":""},"class_list":["post-6408","page","type-page","status-publish","hentry"],"amp_validity":null,"amp_enabled":true,"_links":{"self":[{"href":"http:\/\/www.info-excellensformation.com\/mouvens21\/wp-json\/wp\/v2\/pages\/6408","targetHints":{"allow":["GET"]}}],"collection":[{"href":"http:\/\/www.info-excellensformation.com\/mouvens21\/wp-json\/wp\/v2\/pages"}],"about":[{"href":"http:\/\/www.info-excellensformation.com\/mouvens21\/wp-json\/wp\/v2\/types\/page"}],"author":[{"embeddable":true,"href":"http:\/\/www.info-excellensformation.com\/mouvens21\/wp-json\/wp\/v2\/users\/1"}],"replies":[{"embeddable":true,"href":"http:\/\/www.info-excellensformation.com\/mouvens21\/wp-json\/wp\/v2\/comments?post=6408"}],"version-history":[{"count":19,"href":"http:\/\/www.info-excellensformation.com\/mouvens21\/wp-json\/wp\/v2\/pages\/6408\/revisions"}],"predecessor-version":[{"id":7827,"href":"http:\/\/www.info-excellensformation.com\/mouvens21\/wp-json\/wp\/v2\/pages\/6408\/revisions\/7827"}],"wp:attachment":[{"href":"http:\/\/www.info-excellensformation.com\/mouvens21\/wp-json\/wp\/v2\/media?parent=6408"}],"curies":[{"name":"wp","href":"https:\/\/api.w.org\/{rel}","templated":true}]}}